{"id":400,"date":"2021-11-07T00:56:19","date_gmt":"2021-11-06T23:56:19","guid":{"rendered":"https:\/\/ricardo-pinto.ch\/?page_id=400"},"modified":"2021-11-07T22:43:49","modified_gmt":"2021-11-07T21:43:49","slug":"creer-un-site","status":"publish","type":"page","link":"https:\/\/ricardo-pinto.ch\/?page_id=400","title":{"rendered":"Cr\u00e9er un site"},"content":{"rendered":"\n<div class=\"wp-block-image is-style-rounded\"><figure class=\"aligncenter size-large\"><img loading=\"lazy\" decoding=\"async\" width=\"1264\" height=\"733\" src=\"https:\/\/ricardo-pinto.ch\/wp-content\/uploads\/2021\/11\/img_4525-1.jpg\" alt=\"\" class=\"wp-image-391\" srcset=\"https:\/\/ricardo-pinto.ch\/wp-content\/uploads\/2021\/11\/img_4525-1.jpg 1264w, https:\/\/ricardo-pinto.ch\/wp-content\/uploads\/2021\/11\/img_4525-1-300x174.jpg 300w, https:\/\/ricardo-pinto.ch\/wp-content\/uploads\/2021\/11\/img_4525-1-1024x594.jpg 1024w, https:\/\/ricardo-pinto.ch\/wp-content\/uploads\/2021\/11\/img_4525-1-768x445.jpg 768w\" sizes=\"auto, (max-width: 1264px) 100vw, 1264px\" \/><\/figure><\/div>\n\n\n\n<h1 class=\"has-text-align-center wp-block-heading\"><strong>Cr\u00e9er<\/strong> un <strong>site<\/strong> web<\/h1>\n\n\n\n<p class=\"has-text-align-center\">J\u2019ai cr\u00e9\u00e9 mon 1re site quand j\u2019\u00e9tais ind\u00e9pendant en 2002 et je me souviens que cela n\u2019avait pris des heures car ce n\u2019\u00e9tait pas mon job. Aujourd\u2019hui vous trouverez des sites qui vous proposent de cr\u00e9er votre site aussi rapidement que vous \u00e9crivez une lettre. Il me semble que par la suite vous n\u2019\u00eates pas vraiment le ma\u00eetre \u00e0 bord. C\u2019est pourquoi je vous  donne les conseils suivants. <\/p>\n\n\n\n<div class=\"wp-block-cover alignfull has-background-dim-40 has-foreground-background-color has-background-dim has-parallax\" style=\"background-image:url(https:\/\/ricardo-pinto.ch\/wp-content\/uploads\/2021\/11\/img_4526.jpg);aspect-ratio:unset;\"><div class=\"wp-block-cover__inner-container is-layout-flow wp-block-cover-is-layout-flow\">\n<h3 class=\"has-text-align-center margin-bottom-half has-background-color has-text-color wp-block-heading\" style=\"font-size:35px;line-height:1.26\"><strong>Choisir<\/strong> le nom<\/h3>\n\n\n\n<p class=\"has-text-align-center margin-top-half has-background-color has-text-color\" style=\"font-size:17px;line-height:1.65\">En 1er vous devez choisir le monde domaine de votre futur site. Allez sur <a rel=\"noreferrer noopener\" href=\"https:\/\/www.infomaniak.com\/fr\" target=\"_blank\">Infomaniak<\/a> et r\u00e9servez le nom que vous souhaitez. <\/p>\n\n\n\n<p>Une fois que vous avez le nom de domaine, il vous faut un h\u00e9bergeur. Infomaniak pour un site professionnel ou une association est un excellent choix. Pour mon site, comme c\u2019est juste un hobby et que le r\u00e9f\u00e9rencement n&#8217;est pas important,  j\u2019ai opt\u00e9 pour un h\u00e9bergement tr\u00e8s bon march\u00e9 \u20ac 52 pour 48 mois chez <a rel=\"noreferrer noopener\" href=\"https:\/\/www.hostinger.fr\" target=\"_blank\">Hostinger<\/a>. <\/p>\n\n\n\n<p>Si vous voulez une bonne visibilit\u00e9 avec un bon r\u00e9f\u00e9rencement sur les moteurs de recherche faites appel \u00e0 des professionnels et prenez des h\u00e9bergeurs suisses. <\/p>\n\n\n\n<p>En 2002 pour attirer des nouveaux clients sur Google,  j\u2019avais cr\u00e9\u00e9 des dizaines de pages blanches avec des mots cl\u00e9s r\u00e9p\u00e9t\u00e9s des centaines de fois. Le r\u00e9sultat fut rapide. Apr\u00e8s quelques jours, mon site \u00e9tait 1er lorsque les internautes tapaient un de ces mots dans la majorit\u00e9 des moteurs de recherche. Ca a dur\u00e9 presque 2 ans, jusqu&#8217;\u00e0 ce que je re\u00e7oive  un e-mail de Google mena\u00e7ant de me radier d\u00e9finitivement si je ne corrigeais pas mon site. Aujourd\u2019hui pour \u00eatre en 1er position sur les moteurs de recherche il faut bien plus que des pages blanches.  <\/p>\n\n\n\n<p><\/p>\n<\/div><\/div>\n\n\n\n<div style=\"height:30px\" aria-hidden=\"true\" class=\"wp-block-spacer\"><\/div>\n\n\n\n<div class=\"wp-block-cover alignfull has-background-dim-40 has-foreground-background-color has-background-dim has-custom-content-position is-position-top-left\"><img loading=\"lazy\" decoding=\"async\" width=\"378\" height=\"235\" class=\"wp-block-cover__image-background wp-image-408\" alt=\"\" src=\"http:\/\/ricardo-pinto.ch\/wp-content\/uploads\/2021\/11\/2021-11-07.png\" data-object-fit=\"cover\" srcset=\"https:\/\/ricardo-pinto.ch\/wp-content\/uploads\/2021\/11\/2021-11-07.png 378w, https:\/\/ricardo-pinto.ch\/wp-content\/uploads\/2021\/11\/2021-11-07-300x187.png 300w\" sizes=\"auto, (max-width: 378px) 100vw, 378px\" \/><div class=\"wp-block-cover__inner-container is-layout-flow wp-block-cover-is-layout-flow\">\n<h3 class=\"has-text-align-center margin-bottom-half has-background-color has-text-color wp-block-heading\" style=\"font-size:35px;line-height:1.26\">Les DNS <\/h3>\n\n\n\n<p class=\"has-text-align-left margin-top-half has-background-color has-text-color\" style=\"font-size:17px;line-height:1.65\">Si le nom de domaine n&#8217;a pas \u00e9t\u00e9 r\u00e9serv\u00e9 sur le m\u00eame site que l&#8217;h\u00e9bergent vous devez configurer manuellement les DNS sur le site ou vous avez le nom de domaine et attendre jusqu&#8217;au 24 heures pour que votre site soit visible.<\/p>\n\n\n\n<p>Sur <a href=\"https:\/\/www.whatsmydns.net\/#NS\/ricardo-pinto.ch\">DNS Checker <\/a>vous pouvez v\u00e9rifier si les DNS sont op\u00e9rationnels <\/p>\n\n\n\n<p><\/p>\n\n\n\n<p class=\"has-text-align-center margin-top-half has-background-color has-text-color\" style=\"font-size:17px;line-height:1.65\">  <\/p>\n<\/div><\/div>\n\n\n\n<div class=\"wp-block-cover alignfull has-background-dim-40 has-foreground-background-color has-background-dim has-parallax has-custom-content-position is-position-top-right\" style=\"background-image:url(http:\/\/ricardo-pinto.ch\/wp-content\/uploads\/2021\/11\/2021-11-07_2.png)\"><div class=\"wp-block-cover__inner-container is-layout-flow wp-block-cover-is-layout-flow\">\n<h3 class=\"has-text-align-center margin-bottom-half has-background-color has-text-color wp-block-heading\" style=\"font-size:35px;line-height:1.26\">Installer WordPress <\/h3>\n\n\n\n<p class=\"has-text-align-center margin-top-half has-background-color has-text-color\" style=\"font-size:17px;line-height:1.65\">L&#8217;utilisation de WordPress et aussi simple que Microsoft Word. Mais avant il faut l&#8217;installer sur le site de votre h\u00e9bergeur. En r\u00e8gle g\u00e9n\u00e9ral c&#8217;est un jeu d&#8217;enfants.  <\/p>\n<\/div><\/div>\n","protected":false},"excerpt":{"rendered":"<p>Cr\u00e9er un site web J\u2019ai cr\u00e9\u00e9 mon 1re site quand j\u2019\u00e9tais ind\u00e9pendant en 2002 et je me souviens que cela n\u2019avait pris des heures car ce n\u2019\u00e9tait pas mon job. Aujourd\u2019hui vous trouverez des sites qui vous proposent de cr\u00e9er votre site aussi rapidement que vous \u00e9crivez une lettre. Il [&hellip;]<\/p>\n","protected":false},"author":1,"featured_media":0,"parent":0,"menu_order":0,"comment_status":"closed","ping_status":"closed","template":"","meta":{"om_disable_all_campaigns":false,"footnotes":""},"class_list":["post-400","page","type-page","status-publish","hentry"],"_links":{"self":[{"href":"https:\/\/ricardo-pinto.ch\/index.php?rest_route=\/wp\/v2\/pages\/400","targetHints":{"allow":["GET"]}}],"collection":[{"href":"https:\/\/ricardo-pinto.ch\/index.php?rest_route=\/wp\/v2\/pages"}],"about":[{"href":"https:\/\/ricardo-pinto.ch\/index.php?rest_route=\/wp\/v2\/types\/page"}],"author":[{"embeddable":true,"href":"https:\/\/ricardo-pinto.ch\/index.php?rest_route=\/wp\/v2\/users\/1"}],"replies":[{"embeddable":true,"href":"https:\/\/ricardo-pinto.ch\/index.php?rest_route=%2Fwp%2Fv2%2Fcomments&post=400"}],"version-history":[{"count":13,"href":"https:\/\/ricardo-pinto.ch\/index.php?rest_route=\/wp\/v2\/pages\/400\/revisions"}],"predecessor-version":[{"id":452,"href":"https:\/\/ricardo-pinto.ch\/index.php?rest_route=\/wp\/v2\/pages\/400\/revisions\/452"}],"wp:attachment":[{"href":"https:\/\/ricardo-pinto.ch\/index.php?rest_route=%2Fwp%2Fv2%2Fmedia&parent=400"}],"curies":[{"name":"wp","href":"https:\/\/api.w.org\/{rel}","templated":true}]}}