{"id":28,"date":"2021-10-29T06:35:28","date_gmt":"2021-10-29T04:35:28","guid":{"rendered":"https:\/\/ricardo-pinto.ch\/?page_id=28"},"modified":"2021-11-07T21:37:57","modified_gmt":"2021-11-07T20:37:57","slug":"home","status":"publish","type":"page","link":"https:\/\/ricardo-pinto.ch\/","title":{"rendered":"Accueil"},"content":{"rendered":"\n<div class=\"wp-block-cover alignfull has-white-background-color has-background-dim hestia-clear-top-padding\"><div class=\"wp-block-cover__inner-container is-layout-flow wp-block-cover-is-layout-flow\">\n<h2 class=\"has-text-align-center has-text-color wp-block-heading\" style=\"color:#3c4858\">Quelques conseils <\/h2>\n\n\n\n<div style=\"height:40px\" aria-hidden=\"true\" class=\"wp-block-spacer\"><\/div>\n\n\n\n<div class=\"wp-block-columns container is-layout-flex wp-container-core-columns-is-layout-28f84493 wp-block-columns-is-layout-flex\">\n<div class=\"wp-block-column is-layout-flow wp-block-column-is-layout-flow\">\n<div class=\"wp-block-image\"><figure class=\"aligncenter size-large\"><a href=\"https:\/\/ricardo-pinto.ch\/?page_id=328\" rel=\"https:\/\/ricardo-pinto.ch\/?page_id=328\"><img decoding=\"async\" src=\"https:\/\/ricardo-pinto.ch\/wp-content\/themes\/hestia\/assets\/img\/feat1.png\" alt=\"\" class=\"wp-image-70\"\/><\/a><\/figure><\/div>\n\n\n\n<h5 class=\"has-text-align-center has-text-color wp-block-heading\" style=\"color:#3c4858;font-size:18px\"><a href=\"https:\/\/ricardo-pinto.ch\/?page_id=328\">Bourse<\/a><\/h5>\n\n\n\n<p class=\"has-text-align-center has-text-color\" style=\"color:#999999;font-size:14px\">SMI, Cac 40, Nasdaq<\/p>\n\n\n\n<p class=\"has-text-align-center has-text-color\" style=\"color:#999999;font-size:14px\">&#8220;R\u00e8gle num\u00e9ro 1: ne perdez jamais d&#8217;argent. R\u00e8gle num\u00e9ro 2 : n&#8217;oubliez jamais la r\u00e8gle num\u00e9ro 1.&#8221;<\/p>\n\n\n\n<p>&#8220;<\/p>\n\n\n\n<div style=\"height:25px\" aria-hidden=\"true\" class=\"wp-block-spacer\"><\/div>\n\n\n\n<p><\/p>\n<\/div>\n\n\n\n<div class=\"wp-block-column is-layout-flow wp-block-column-is-layout-flow\">\n<div class=\"wp-block-image\"><figure class=\"aligncenter size-large\"><a href=\"https:\/\/ricardo-pinto.ch\/?page_id=400\"><img decoding=\"async\" src=\"https:\/\/ricardo-pinto.ch\/wp-content\/themes\/hestia\/assets\/img\/feat2.png\" alt=\"\" class=\"wp-image-71\"\/><\/a><\/figure><\/div>\n\n\n\n<h5 class=\"has-text-align-center has-text-color wp-block-heading\" style=\"color:#3c4858;font-size:18px\"><a href=\"https:\/\/ricardo-pinto.ch\/?page_id=400\">Cr\u00e9ation d&#8217;un site <\/a><\/h5>\n\n\n\n<p class=\"has-text-align-center has-text-color\" style=\"color:#999999;font-size:14px\">Infomaniak, WordPress, &#8230;<\/p>\n\n\n\n<p class=\"has-text-align-center has-text-color\" style=\"color:#999999;font-size:14px\">&#8220;Internet. On ne sait pas ce qu&#8217;on y cherche mais on trouve tout ce qu&#8217;on ne cherche pas. &#8221; <\/p>\n\n\n\n<p><\/p>\n\n\n\n<p><\/p>\n\n\n\n<div style=\"height:25px\" aria-hidden=\"true\" class=\"wp-block-spacer\"><\/div>\n<\/div>\n\n\n\n<div class=\"wp-block-column is-layout-flow wp-block-column-is-layout-flow\">\n<div class=\"wp-block-image\"><figure class=\"aligncenter size-large\"><img decoding=\"async\" src=\"https:\/\/ricardo-pinto.ch\/wp-content\/themes\/hestia\/assets\/img\/feat3.png\" alt=\"\" class=\"wp-image-72\"\/><\/figure><\/div>\n\n\n\n<h5 class=\"has-text-align-center has-text-color wp-block-heading\" style=\"color:#3c4858;font-size:18px\">Randonn\u00e9es<\/h5>\n\n\n\n<p class=\"has-text-align-center has-text-color\" style=\"color:#999999;font-size:14px\">En Valais bien s\u00fbr \ud83d\ude42 <\/p>\n\n\n\n<p class=\"has-text-align-center has-text-color\" style=\"color:#999999;font-size:14px\">&#8220;Quand on a march\u00e9 deux heures en montagne, on est plus intelligent&#8221;<\/p>\n\n\n\n<p><\/p>\n\n\n\n<div style=\"height:25px\" aria-hidden=\"true\" class=\"wp-block-spacer\"><\/div>\n\n\n\n<p><\/p>\n<\/div>\n<\/div>\n\n\n\n<div style=\"height:40px\" aria-hidden=\"true\" class=\"wp-block-spacer\"><\/div>\n<\/div><\/div>\n\n\n\n<div class=\"wp-block-columns container is-layout-flex wp-container-core-columns-is-layout-28f84493 wp-block-columns-is-layout-flex\">\n<div class=\"wp-block-column col-md-5 is-layout-flow wp-block-column-is-layout-flow\">\n<div style=\"height:55px\" aria-hidden=\"true\" class=\"wp-block-spacer\"><\/div>\n\n\n\n<h2 class=\"wp-block-heading\">Soyez toujours en qu\u00eate de nouveaux challenges<\/h2>\n\n\n\n<p>\u00ab Ne limite pas tes d\u00e9fis&nbsp;; D\u00e9fie tes limites. \u00bb<\/p>\n<\/div>\n\n\n\n<div class=\"wp-block-column col-md-6 col-md-offset1 is-layout-flow wp-block-column-is-layout-flow\">\n<div style=\"height:55px\" aria-hidden=\"true\" class=\"wp-block-spacer\"><\/div>\n\n\n\n<div class=\"wp-block-image\"><figure class=\"aligncenter size-full\"><img loading=\"lazy\" decoding=\"async\" width=\"365\" height=\"220\" src=\"http:\/\/ricardo-pinto.ch\/wp-content\/uploads\/2021\/10\/Challenge.png\" alt=\"\" class=\"wp-image-77\" srcset=\"https:\/\/ricardo-pinto.ch\/wp-content\/uploads\/2021\/10\/Challenge.png 365w, https:\/\/ricardo-pinto.ch\/wp-content\/uploads\/2021\/10\/Challenge-300x181.png 300w\" sizes=\"auto, (max-width: 365px) 100vw, 365px\" \/><\/figure><\/div>\n<\/div>\n<\/div>\n","protected":false},"excerpt":{"rendered":"<p>Soyez toujours en qu\u00eate de nouveaux challenges \u00ab Ne limite pas tes d\u00e9fis&nbsp;; D\u00e9fie tes limites. \u00bb<\/p>\n","protected":false},"author":1,"featured_media":107,"parent":0,"menu_order":0,"comment_status":"closed","ping_status":"closed","template":"","meta":{"om_disable_all_campaigns":false,"footnotes":""},"class_list":["post-28","page","type-page","status-publish","has-post-thumbnail","hentry"],"_links":{"self":[{"href":"https:\/\/ricardo-pinto.ch\/index.php?rest_route=\/wp\/v2\/pages\/28","targetHints":{"allow":["GET"]}}],"collection":[{"href":"https:\/\/ricardo-pinto.ch\/index.php?rest_route=\/wp\/v2\/pages"}],"about":[{"href":"https:\/\/ricardo-pinto.ch\/index.php?rest_route=\/wp\/v2\/types\/page"}],"author":[{"embeddable":true,"href":"https:\/\/ricardo-pinto.ch\/index.php?rest_route=\/wp\/v2\/users\/1"}],"replies":[{"embeddable":true,"href":"https:\/\/ricardo-pinto.ch\/index.php?rest_route=%2Fwp%2Fv2%2Fcomments&post=28"}],"version-history":[{"count":27,"href":"https:\/\/ricardo-pinto.ch\/index.php?rest_route=\/wp\/v2\/pages\/28\/revisions"}],"predecessor-version":[{"id":437,"href":"https:\/\/ricardo-pinto.ch\/index.php?rest_route=\/wp\/v2\/pages\/28\/revisions\/437"}],"wp:featuredmedia":[{"embeddable":true,"href":"https:\/\/ricardo-pinto.ch\/index.php?rest_route=\/wp\/v2\/media\/107"}],"wp:attachment":[{"href":"https:\/\/ricardo-pinto.ch\/index.php?rest_route=%2Fwp%2Fv2%2Fmedia&parent=28"}],"curies":[{"name":"wp","href":"https:\/\/api.w.org\/{rel}","templated":true}]}}